{"id":171,"date":"2019-05-30T18:35:31","date_gmt":"2019-05-30T18:35:31","guid":{"rendered":"https:\/\/wifi4eu.wavecom.hu\/?page_id=171"},"modified":"2019-05-30T18:35:31","modified_gmt":"2019-05-30T18:35:31","slug":"belepes","status":"publish","type":"page","link":"https:\/\/wifi4eu.wavecom.hu\/?page_id=171","title":{"rendered":"Bel\u00e9p\u00e9s"},"content":{"rendered":"<p>[et_pb_section fb_built=&#8221;1&#8243; _builder_version=&#8221;3.19.13&#8243; custom_padding=&#8221;0|0px|54px|0px|false|false&#8221;][et_pb_row _builder_version=&#8221;3.19.13&#8243; background_image=&#8221;https:\/\/wifi4eu.wavecom.hu\/wp-content\/uploads\/2019\/05\/yellow_bg.jpg&#8221; link_option_url=&#8221;#&#8221;][et_pb_column type=&#8221;4_4&#8243; _builder_version=&#8221;3.19.13&#8243;][et_pb_login use_background_color=&#8221;off&#8221; custom_button=&#8221;on&#8221; title=&#8221;Monitoring rendszer bel\u00e9p\u00e9s&#8221; _builder_version=&#8221;3.19.13&#8243; header_font=&#8221;Roboto Condensed||||||||&#8221; form_field_background_color=&#8221;#ffffff&#8221; form_field_text_color=&#8221;#ffffff&#8221; focus_background_color=&#8221;#ffffff&#8221; focus_text_color=&#8221;#ffffff&#8221; border_color_all_fields=&#8221;#ffffff&#8221; link_option_url=&#8221;#&#8221; background_image=&#8221;https:\/\/wifi4eu.wavecom.hu\/wp-content\/uploads\/2019\/05\/yellow_bg.jpg&#8221; header_text_color=&#8221;#000000&#8243; body_font=&#8221;||||||||&#8221; body_text_color=&#8221;#000000&#8243; button_font=&#8221;||||||||&#8221;]<\/p>\n<p>Megl\u00e9v\u0151 \u00fcgyfeleink r\u00e9sz\u00e9re<\/p>\n<p>[\/et_pb_login][\/et_pb_column][\/et_pb_row][\/et_pb_section]<\/p>\n","protected":false},"excerpt":{"rendered":"<p>[et_pb_section fb_built=&#8221;1&#8243; _builder_version=&#8221;3.19.13&#8243; custom_padding=&#8221;0|0px|54px|0px|false|false&#8221;][et_pb_row _builder_version=&#8221;3.19.13&#8243; background_image=&#8221;https:\/\/wifi4eu.wavecom.hu\/wp-content\/uploads\/2019\/05\/yellow_bg.jpg&#8221; link_option_url=&#8221;#&#8221;][et_pb_column type=&#8221;4_4&#8243; _builder_version=&#8221;3.19.13&#8243;][et_pb_login use_background_color=&#8221;off&#8221; custom_button=&#8221;on&#8221; title=&#8221;Monitoring rendszer bel\u00e9p\u00e9s&#8221; _builder_version=&#8221;3.19.13&#8243; header_font=&#8221;Roboto Condensed||||||||&#8221; form_field_background_color=&#8221;#ffffff&#8221; form_field_text_color=&#8221;#ffffff&#8221; focus_background_color=&#8221;#ffffff&#8221; focus_text_color=&#8221;#ffffff&#8221; border_color_all_fields=&#8221;#ffffff&#8221; link_option_url=&#8221;#&#8221; background_image=&#8221;https:\/\/wifi4eu.wavecom.hu\/wp-content\/uploads\/2019\/05\/yellow_bg.jpg&#8221; header_text_color=&#8221;#000000&#8243; body_font=&#8221;||||||||&#8221; body_text_color=&#8221;#000000&#8243; button_font=&#8221;||||||||&#8221;] Megl\u00e9v\u0151 \u00fcgyfeleink r\u00e9sz\u00e9re [\/et_pb_login][\/et_pb_column][\/et_pb_row][\/et_pb_section]<\/p>\n","protected":false},"author":1,"featured_media":0,"parent":0,"menu_order":0,"comment_status":"closed","ping_status":"closed","template":"","meta":{"_et_pb_use_builder":"on","_et_pb_old_content":"","_et_gb_content_width":""},"_links":{"self":[{"href":"https:\/\/wifi4eu.wavecom.hu\/index.php?rest_route=\/wp\/v2\/pages\/171"}],"collection":[{"href":"https:\/\/wifi4eu.wavecom.hu\/index.php?rest_route=\/wp\/v2\/pages"}],"about":[{"href":"https:\/\/wifi4eu.wavecom.hu\/index.php?rest_route=\/wp\/v2\/types\/page"}],"author":[{"embeddable":true,"href":"https:\/\/wifi4eu.wavecom.hu\/index.php?rest_route=\/wp\/v2\/users\/1"}],"replies":[{"embeddable":true,"href":"https:\/\/wifi4eu.wavecom.hu\/index.php?rest_route=%2Fwp%2Fv2%2Fcomments&post=171"}],"version-history":[{"count":2,"href":"https:\/\/wifi4eu.wavecom.hu\/index.php?rest_route=\/wp\/v2\/pages\/171\/revisions"}],"predecessor-version":[{"id":174,"href":"https:\/\/wifi4eu.wavecom.hu\/index.php?rest_route=\/wp\/v2\/pages\/171\/revisions\/174"}],"wp:attachment":[{"href":"https:\/\/wifi4eu.wavecom.hu\/index.php?rest_route=%2Fwp%2Fv2%2Fmedia&parent=171"}],"curies":[{"name":"wp","href":"https:\/\/api.w.org\/{rel}","templated":true}]}}