{"id":10,"date":"2019-05-30T10:12:35","date_gmt":"2019-05-30T10:12:35","guid":{"rendered":"https:\/\/wifi4eu.wavecom.hu\/?page_id=10"},"modified":"2020-01-10T09:08:51","modified_gmt":"2020-01-10T09:08:51","slug":"front-page","status":"publish","type":"page","link":"https:\/\/wifi4eu.wavecom.hu\/","title":{"rendered":"F\u0151oldal"},"content":{"rendered":"<p>[et_pb_section fb_built=&#8221;1&#8243; _builder_version=&#8221;3.22.3&#8243; custom_padding=&#8221;0|0px|54px|0px|false|false&#8221;][et_pb_row _builder_version=&#8221;3.25&#8243; custom_margin=&#8221;||&#8221; custom_padding=&#8221;2px||0|0|false|false&#8221;][et_pb_column type=&#8221;4_4&#8243; _builder_version=&#8221;3.25&#8243; custom_padding=&#8221;|||&#8221; custom_padding__hover=&#8221;|||&#8221;][et_pb_image src=&#8221;https:\/\/wifi4eu.wavecom.hu\/wp-content\/uploads\/2019\/05\/header.jpg&#8221; align_tablet=&#8221;center&#8221; align_phone=&#8221;&#8221; align_last_edited=&#8221;on|desktop&#8221; _builder_version=&#8221;3.23&#8243; custom_margin=&#8221;||&#8221;][\/et_pb_image][\/et_pb_column][\/et_pb_row][et_pb_row _builder_version=&#8221;3.25&#8243; custom_padding=&#8221;27px|0px|0|0px|false|false&#8221;][et_pb_column type=&#8221;4_4&#8243; _builder_version=&#8221;3.25&#8243; custom_padding=&#8221;|||&#8221; custom_padding__hover=&#8221;|||&#8221;][et_pb_toggle title=&#8221;Mi ez val\u00f3j\u00e1ban?&#8221; open_toggle_text_color=&#8221;#FFFFFF&#8221; open_toggle_background_color=&#8221;#ff9933&#8243; closed_toggle_text_color=&#8221;#FFFFFF&#8221; closed_toggle_background_color=&#8221;#ff9933&#8243; icon_color=&#8221;#000000&#8243; _builder_version=&#8221;3.23.3&#8243; title_text_color=&#8221;#000000&#8243; title_level=&#8221;h2&#8243; title_font=&#8221;Roboto Condensed|||on|||||&#8221; title_text_align=&#8221;center&#8221; title_font_size=&#8221;40px&#8221; body_font=&#8221;||||||||&#8221; body_text_color=&#8221;#FFFFFF&#8221; body_font_size=&#8221;15px&#8221; text_orientation=&#8221;left&#8221; title_font_size_tablet=&#8221;&#8221; title_font_size_phone=&#8221;18px&#8221; title_font_size_last_edited=&#8221;on|phone&#8221; border_width_all=&#8221;0px&#8221;]<\/p>\n<p class=\"text-3\" style=\"text-align: justify;\">A kezdem\u00e9nyez\u00e9s c\u00e9lja, hogy az Eur\u00f3pai Uni\u00f3 min\u00e9l t\u00f6bb k\u00f6z\u00f6ss\u00e9gi ter\u00e9n (parkokban, k\u00f6ztereken, k\u00f6z\u00e9p\u00fcletekben, k\u00f6nyvt\u00e1rakban, eg\u00e9szs\u00e9g\u00fcgyi k\u00f6zpontokban) ingyenes WiFi hozz\u00e1f\u00e9r\u00e9st biztos\u00edtson az ott megfordul\u00f3k sz\u00e1m\u00e1ra.<br \/> \u00cdgy 2020-ig plusz 7000 hotspot ker\u00fclhet kihelyez\u00e9sre azokra a ter\u00fcletekre, ahol jelenleg nem \u00e9rhet\u0151 el ingyenes WiFi szolg\u00e1ltat\u00e1s. A WiFi-hotspotokat els\u0151 k\u00f6rben \u00f6nkorm\u00e1nyzatok (vagy egyen\u00e9rt\u00e9k\u0171 helyi szint\u0171 hat\u00f3s\u00e1gok) \u00e9s az \u00f6nkorm\u00e1nyzatok nev\u00e9ben az \u00f6nkorm\u00e1nyzatok \u00e1ltal l\u00e9trehozott t\u00e1rsul\u00e1sok telep\u00edthetnek egy<span>\u00a0<\/span><strong>15 000 EUR\u00a0<\/strong>t\u00e1mogat\u00e1si utalv\u00e1ny felhaszn\u00e1l\u00e1s\u00e1val.<br \/> A t\u00e1mogatott szervezetek maguk v\u00e1laszthatj\u00e1k meg az eszk\u00f6z\u00f6k sz\u00e1ll\u00edt\u00f3it, a telep\u00edt\u0151 szolg\u00e1ltat\u00f3t \u00e9s v\u00e1llalj\u00e1k, hogy legal\u00e1bb 3 \u00e9vig m\u0171k\u00f6dtetik azokat.<\/p>\n<p>[\/et_pb_toggle][et_pb_toggle title=&#8221;Hogyan val\u00f3sul meg a program?&#8221; open_toggle_text_color=&#8221;#000000&#8243; open_toggle_background_color=&#8221;#ffcc00&#8243; closed_toggle_text_color=&#8221;#000000&#8243; closed_toggle_background_color=&#8221;#ffcc00&#8243; icon_color=&#8221;#000000&#8243; _builder_version=&#8221;3.23.3&#8243; title_text_color=&#8221;#000000&#8243; title_level=&#8221;h2&#8243; title_font=&#8221;Roboto Condensed|||on|||||&#8221; title_text_align=&#8221;center&#8221; title_font_size=&#8221;40px&#8221; body_font=&#8221;||||||||&#8221; body_font_size=&#8221;15px&#8221; text_orientation=&#8221;left&#8221; title_font_size_tablet=&#8221;&#8221; title_font_size_phone=&#8221;18px&#8221; title_font_size_last_edited=&#8221;on|phone&#8221; border_width_all=&#8221;0px&#8221;]<\/p>\n<p><img loading=\"lazy\" src=\"https:\/\/wifi4eu.wavecom.hu\/wp-content\/uploads\/2019\/05\/hogyan.png\" width=\"1200\" height=\"470\" alt=\"\" class=\"wp-image-120 alignnone size-full\" srcset=\"https:\/\/wifi4eu.wavecom.hu\/wp-content\/uploads\/2019\/05\/hogyan.png 1200w, https:\/\/wifi4eu.wavecom.hu\/wp-content\/uploads\/2019\/05\/hogyan-300x118.png 300w, https:\/\/wifi4eu.wavecom.hu\/wp-content\/uploads\/2019\/05\/hogyan-768x301.png 768w, https:\/\/wifi4eu.wavecom.hu\/wp-content\/uploads\/2019\/05\/hogyan-1024x401.png 1024w, https:\/\/wifi4eu.wavecom.hu\/wp-content\/uploads\/2019\/05\/hogyan-1080x423.png 1080w\" sizes=\"(max-width: 1200px) 100vw, 1200px\" \/><\/p>\n<p>[\/et_pb_toggle][et_pb_toggle title=&#8221;Milyen el\u0151ny\u00f6kkel j\u00e1r ez?&#8221; open_toggle_text_color=&#8221;#FFFFFF&#8221; open_toggle_background_color=&#8221;#ff9933&#8243; closed_toggle_text_color=&#8221;#FFFFFF&#8221; closed_toggle_background_color=&#8221;#ff9933&#8243; icon_color=&#8221;#000000&#8243; _builder_version=&#8221;3.23.3&#8243; title_text_color=&#8221;#FFFFFF&#8221; title_level=&#8221;h2&#8243; title_font=&#8221;Roboto Condensed|||on|||||&#8221; title_text_align=&#8221;center&#8221; title_font_size=&#8221;40px&#8221; closed_title_font=&#8221;||||||||&#8221; body_font=&#8221;||||||||&#8221; body_text_color=&#8221;#FFFFFF&#8221; text_orientation=&#8221;left&#8221; title_font_size_tablet=&#8221;&#8221; title_font_size_phone=&#8221;18px&#8221; title_font_size_last_edited=&#8221;on|phone&#8221; border_width_all=&#8221;0px&#8221; border_color_all=&#8221;#000000&#8243;]<\/p>\n<p style=\"padding-left: 30px;\">\u2714 Lehet\u0151s\u00e9g\u00fck lesz val\u00f3s idej\u0171 \u00e9s m\u00faltb\u00e9li t\u00f6megfigyel\u00e9sre.<\/p>\n<p style=\"padding-left: 30px;\">\u2714 Az adatok elemz\u00e9s\u00e9vel jav\u00edthatj\u00e1k a telep\u00fcl\u00e9s szolg\u00e1ltat\u00e1sait.<\/p>\n<p style=\"padding-left: 30px;\">\u2714 A hasznos \u00e9s k\u00f6z\u00e9rdek\u0171 inform\u00e1ci\u00f3kat azonnal meg tudj\u00e1k osztani a lakoss\u00e1ggal \u00e9s a l\u00e1togat\u00f3kkal.<\/p>\n<p style=\"padding-left: 30px;\">\u2714 Magas sz\u00ednvonal\u00fa, Eur\u00f3pa-szerte haszn\u00e1lt WiFi-h\u00e1l\u00f3zatokhoz csatlakozhatnak egyetlen fi\u00f3k seg\u00edts\u00e9g\u00e9vel.<\/p>\n<p style=\"padding-left: 30px;\">\u2714 A lakoss\u00e1g \u00e9s a l\u00e1togat\u00f3k sz\u00e1m\u00e1ra ingyenes WiFi el\u00e9rhet\u0151s\u00e9get tudnak biztos\u00edtani a k\u00f6zter\u00fcleteken. Ez\u00e1ltal n\u0151 a felhaszn\u00e1l\u00f3i \u00e9lm\u00e9ny \u00e9s t\u00f6bb ember sz\u00e1m\u00e1ra lesz el\u00e9rhet\u0151 a vil\u00e1gh\u00e1l\u00f3, hasznos alkalmaz\u00e1sokhoz f\u00e9rhetnek hozz\u00e1.<\/p>\n<p>[\/et_pb_toggle][\/et_pb_column][\/et_pb_row][et_pb_row _builder_version=&#8221;3.25&#8243; custom_padding=&#8221;27px|0px|0|0px|false|false&#8221;][et_pb_column type=&#8221;4_4&#8243; _builder_version=&#8221;3.25&#8243; custom_padding=&#8221;|||&#8221; custom_padding__hover=&#8221;|||&#8221;][et_pb_toggle title=&#8221;MIT FOGLALNAK magukba csomagjaink?&#8221; open_toggle_text_color=&#8221;#000000&#8243; open_toggle_background_color=&#8221;#ffcc00&#8243; closed_toggle_text_color=&#8221;#000000&#8243; closed_toggle_background_color=&#8221;#ffcc00&#8243; icon_color=&#8221;#000000&#8243; _builder_version=&#8221;3.23.3&#8243; title_text_color=&#8221;#000000&#8243; title_level=&#8221;h2&#8243; title_font=&#8221;Roboto Condensed|||on|||||&#8221; title_text_align=&#8221;center&#8221; title_font_size=&#8221;40px&#8221; body_font=&#8221;||||||||&#8221; body_font_size=&#8221;15px&#8221; text_orientation=&#8221;left&#8221; title_font_size_tablet=&#8221;&#8221; title_font_size_phone=&#8221;18px&#8221; title_font_size_last_edited=&#8221;on|phone&#8221; border_width_all=&#8221;0px&#8221;]<\/p>\n<p><img loading=\"lazy\" src=\"https:\/\/wifi4eu.wavecom.hu\/wp-content\/uploads\/2019\/05\/mit_foglalnak_.png\" width=\"1200\" height=\"429\" alt=\"\" class=\"wp-image-183 alignnone size-full\" srcset=\"https:\/\/wifi4eu.wavecom.hu\/wp-content\/uploads\/2019\/05\/mit_foglalnak_.png 1200w, https:\/\/wifi4eu.wavecom.hu\/wp-content\/uploads\/2019\/05\/mit_foglalnak_-300x107.png 300w, https:\/\/wifi4eu.wavecom.hu\/wp-content\/uploads\/2019\/05\/mit_foglalnak_-768x275.png 768w, https:\/\/wifi4eu.wavecom.hu\/wp-content\/uploads\/2019\/05\/mit_foglalnak_-1024x366.png 1024w, https:\/\/wifi4eu.wavecom.hu\/wp-content\/uploads\/2019\/05\/mit_foglalnak_-1080x386.png 1080w\" sizes=\"(max-width: 1200px) 100vw, 1200px\" \/><\/p>\n<p>[\/et_pb_toggle][et_pb_toggle title=&#8221;Mi\u00e9rt a wavecom a j\u00f3 v\u00e1laszt\u00e1s?&#8221; open_toggle_text_color=&#8221;#FFFFFF&#8221; open_toggle_background_color=&#8221;#ff9933&#8243; closed_toggle_text_color=&#8221;#FFFFFF&#8221; closed_toggle_background_color=&#8221;#ff9933&#8243; icon_color=&#8221;#000000&#8243; _builder_version=&#8221;3.23.3&#8243; title_text_color=&#8221;#FFFFFF&#8221; title_level=&#8221;h2&#8243; title_font=&#8221;Roboto Condensed|||on|||||&#8221; title_text_align=&#8221;center&#8221; title_font_size=&#8221;40px&#8221; closed_title_font=&#8221;||||||||&#8221; body_font=&#8221;||||||||&#8221; body_text_color=&#8221;#FFFFFF&#8221; text_orientation=&#8221;left&#8221; title_font_size_tablet=&#8221;&#8221; title_font_size_phone=&#8221;18px&#8221; title_font_size_last_edited=&#8221;on|phone&#8221; border_width_all=&#8221;0px&#8221; border_color_all=&#8221;#000000&#8243;]<\/p>\n<p style=\"padding-left: 30px;\">\u2714 Mert m\u00e1r bizony\u00edtottunk az \u00d6n\u00f6k telep\u00fcl\u00e9s\u00e9n.<\/p>\n<p style=\"padding-left: 30px;\">\u2714 Mert szakembereink a p\u00e1ly\u00e1zati anyag elk\u00e9sz\u00edt\u00e9s\u00e9ben is seg\u00edtenek.<\/p>\n<p style=\"padding-left: 30px;\">\u2714 Mert szakembereink az ig\u00e9nyeiknek megfelel\u0151en tervezik meg a WiFi4EU rendszert.<\/p>\n<p style=\"padding-left: 30px;\">\u2714 Mert seg\u00edt\u00fcnk az eszk\u00f6z\u00f6k el\u0151finansz\u00edroz\u00e1s\u00e1ban.<\/p>\n<p style=\"padding-left: 30px;\">\u2714 Mert kedvezm\u00e9nyes havid\u00edjat k\u00edn\u00e1lunk a fenntart\u00e1si id\u0151szakban. (Keretmeg\u00e1llapod\u00e1s eset\u00e9ben ak\u00e1r t\u00e9r\u00edt\u00e9smentesen.)<\/p>\n<p style=\"padding-left: 30px;\"><span><\/span><\/p>\n<p style=\"padding-left: 30px;\"><strong>Eddigi tapasztalat alapj\u00e1n, a jelenlegi megrendel\u00e9sekkor er\u0151ss\u00e9g\u00fcnk a versenyt\u00e1rsakkal szemben:<\/strong><\/p>\n<p style=\"padding-left: 30px;\"><span>\u2714 ki\u00e9p\u00edtj\u00fck a gerinch\u00e1l\u00f3zatot is<\/span><\/p>\n<p style=\"padding-left: 30px;\"><span>\u2714 ak\u00e1r t\u00f6bb egym\u00e1st\u00f3l t\u00e1volabb l\u00e9v\u0151 helysz\u00ednen is ki tudunk \u00e9p\u00edteni hotspotot<\/span><\/p>\n<p style=\"padding-left: 30px;\"><span>\u2714\u00a0<\/span><span>n\u00e1lunk nincs licensz k\u00f6lts\u00e9g, ez\u00e9rt kedvez\u0151bb \u00e1ron tudjuk biztos\u00edtani az eszk\u00f6z\u00f6ket, \u00edgy t\u00f6bb eszk\u00f6zzel, t\u00f6bb helysz\u00ednen, vagy nagyobb ter\u00fcleten tudunk ki\u00e9p\u00edteni hotspotokat<\/span><\/p>\n<p style=\"padding-left: 30px;\"><span>\u2714 rugalmasak vagyunk az egyedi ig\u00e9nyek kapcs\u00e1n.<\/span><\/p>\n<p>[\/et_pb_toggle][et_pb_text _builder_version=&#8221;3.27.4&#8243; text_font=&#8221;Roboto Condensed||||||||&#8221; text_text_color=&#8221;#000000&#8243; text_font_size=&#8221;40px&#8221; link_font=&#8221;||||||||&#8221; ul_font=&#8221;||||||||&#8221; header_font=&#8221;||||||||&#8221; header_2_font=&#8221;Roboto Condensed|||on|||||&#8221; header_2_text_align=&#8221;center&#8221; header_2_font_size=&#8221;40px&#8221; background_color=&#8221;#ffcc00&#8243; text_orientation=&#8221;center&#8221; custom_padding=&#8221;30px||30px&#8221; text_font_size_tablet=&#8221;&#8221; text_font_size_phone=&#8221;18px&#8221; text_font_size_last_edited=&#8221;on|phone&#8221; text_text_align=&#8221;center&#8221;]<\/p>\n<p>KAPCSOLAT<\/p>\n<p>[\/et_pb_text][et_pb_contact_form captcha=&#8221;off&#8221; email=&#8221;iroda@wavecom.hu&#8221; success_message=&#8221;K\u00f6sz\u00f6nj\u00fck \u00fczenet\u00e9t!&#8221; submit_button_text=&#8221;Mehet&#8221; _builder_version=&#8221;3.23.3&#8243; title_level=&#8221;h2&#8243; title_font=&#8221;Roboto Condensed|||on|||||&#8221; custom_button=&#8221;on&#8221; button_text_color=&#8221;#000000&#8243; button_bg_color=&#8221;#ffcc00&#8243; button_border_color=&#8221;#ffcc00&#8243; button_font=&#8221;||||||||&#8221;][et_pb_contact_field field_id=&#8221;Name&#8221; field_title=&#8221;Az \u00d6n neve&#8221; _builder_version=&#8221;3.19.13&#8243; button_text_size__hover_enabled=&#8221;off&#8221; button_one_text_size__hover_enabled=&#8221;off&#8221; button_two_text_size__hover_enabled=&#8221;off&#8221; button_text_color__hover_enabled=&#8221;off&#8221; button_one_text_color__hover_enabled=&#8221;off&#8221; button_two_text_color__hover_enabled=&#8221;off&#8221; button_border_width__hover_enabled=&#8221;off&#8221; button_one_border_width__hover_enabled=&#8221;off&#8221; button_two_border_width__hover_enabled=&#8221;off&#8221; button_border_color__hover_enabled=&#8221;off&#8221; button_one_border_color__hover_enabled=&#8221;off&#8221; button_two_border_color__hover_enabled=&#8221;off&#8221; button_border_radius__hover_enabled=&#8221;off&#8221; button_one_border_radius__hover_enabled=&#8221;off&#8221; button_two_border_radius__hover_enabled=&#8221;off&#8221; button_letter_spacing__hover_enabled=&#8221;off&#8221; button_one_letter_spacing__hover_enabled=&#8221;off&#8221; button_two_letter_spacing__hover_enabled=&#8221;off&#8221; button_bg_color__hover_enabled=&#8221;off&#8221; button_one_bg_color__hover_enabled=&#8221;off&#8221; button_two_bg_color__hover_enabled=&#8221;off&#8221;][\/et_pb_contact_field][et_pb_contact_field field_id=&#8221;Email&#8221; field_title=&#8221;Az \u00d6n e-mail c\u00edme&#8221; field_type=&#8221;email&#8221; _builder_version=&#8221;3.19.13&#8243; button_text_size__hover_enabled=&#8221;off&#8221; button_one_text_size__hover_enabled=&#8221;off&#8221; button_two_text_size__hover_enabled=&#8221;off&#8221; button_text_color__hover_enabled=&#8221;off&#8221; button_one_text_color__hover_enabled=&#8221;off&#8221; button_two_text_color__hover_enabled=&#8221;off&#8221; button_border_width__hover_enabled=&#8221;off&#8221; button_one_border_width__hover_enabled=&#8221;off&#8221; button_two_border_width__hover_enabled=&#8221;off&#8221; button_border_color__hover_enabled=&#8221;off&#8221; button_one_border_color__hover_enabled=&#8221;off&#8221; button_two_border_color__hover_enabled=&#8221;off&#8221; button_border_radius__hover_enabled=&#8221;off&#8221; button_one_border_radius__hover_enabled=&#8221;off&#8221; button_two_border_radius__hover_enabled=&#8221;off&#8221; button_letter_spacing__hover_enabled=&#8221;off&#8221; button_one_letter_spacing__hover_enabled=&#8221;off&#8221; button_two_letter_spacing__hover_enabled=&#8221;off&#8221; button_bg_color__hover_enabled=&#8221;off&#8221; button_one_bg_color__hover_enabled=&#8221;off&#8221; button_two_bg_color__hover_enabled=&#8221;off&#8221;][\/et_pb_contact_field][et_pb_contact_field field_id=&#8221;Message&#8221; field_title=&#8221;Az \u00d6n \u00fczenete&#8221; field_type=&#8221;text&#8221; fullwidth_field=&#8221;on&#8221; _builder_version=&#8221;3.19.13&#8243; button_text_size__hover_enabled=&#8221;off&#8221; button_one_text_size__hover_enabled=&#8221;off&#8221; button_two_text_size__hover_enabled=&#8221;off&#8221; button_text_color__hover_enabled=&#8221;off&#8221; button_one_text_color__hover_enabled=&#8221;off&#8221; button_two_text_color__hover_enabled=&#8221;off&#8221; button_border_width__hover_enabled=&#8221;off&#8221; button_one_border_width__hover_enabled=&#8221;off&#8221; button_two_border_width__hover_enabled=&#8221;off&#8221; button_border_color__hover_enabled=&#8221;off&#8221; button_one_border_color__hover_enabled=&#8221;off&#8221; button_two_border_color__hover_enabled=&#8221;off&#8221; button_border_radius__hover_enabled=&#8221;off&#8221; button_one_border_radius__hover_enabled=&#8221;off&#8221; button_two_border_radius__hover_enabled=&#8221;off&#8221; button_letter_spacing__hover_enabled=&#8221;off&#8221; button_one_letter_spacing__hover_enabled=&#8221;off&#8221; button_two_letter_spacing__hover_enabled=&#8221;off&#8221; button_bg_color__hover_enabled=&#8221;off&#8221; button_one_bg_color__hover_enabled=&#8221;off&#8221; button_two_bg_color__hover_enabled=&#8221;off&#8221;][\/et_pb_contact_field][\/et_pb_contact_form][\/et_pb_column][\/et_pb_row][et_pb_row _builder_version=&#8221;3.25&#8243; column_structure=&#8221;1_3,1_3,1_3&#8243;][et_pb_column type=&#8221;1_3&#8243; _builder_version=&#8221;3.25&#8243; custom_padding=&#8221;|||&#8221; custom_padding__hover=&#8221;|||&#8221;][et_pb_blurb title=&#8221;C\u00edm&#8221; use_icon=&#8221;on&#8221; font_icon=&#8221;%%236%%&#8221; icon_color=&#8221;#E09900&#8243; icon_placement=&#8221;left&#8221; use_icon_font_size=&#8221;on&#8221; icon_font_size=&#8221;16px&#8221; _builder_version=&#8221;3.19.13&#8243; header_font=&#8221;Roboto Condensed|||on|||||&#8221;]<\/p>\n<p>T\u00farkeve, Sz\u00e9chenyi \u00fat 14.<\/p>\n<p>[\/et_pb_blurb][\/et_pb_column][et_pb_column type=&#8221;1_3&#8243; _builder_version=&#8221;3.25&#8243; custom_padding=&#8221;|||&#8221; custom_padding__hover=&#8221;|||&#8221;][et_pb_blurb title=&#8221;Telefonsz\u00e1m&#8221; use_icon=&#8221;on&#8221; font_icon=&#8221;%%264%%&#8221; icon_color=&#8221;#E09900&#8243; icon_placement=&#8221;left&#8221; use_icon_font_size=&#8221;on&#8221; icon_font_size=&#8221;16px&#8221; _builder_version=&#8221;3.19.13&#8243; header_font=&#8221;Roboto Condensed|||on|||||&#8221;]<\/p>\n<p>1236<\/p>\n<p>[\/et_pb_blurb][\/et_pb_column][et_pb_column type=&#8221;1_3&#8243; _builder_version=&#8221;3.25&#8243; custom_padding=&#8221;|||&#8221; custom_padding__hover=&#8221;|||&#8221;][et_pb_blurb title=&#8221;E-mail c\u00edm&#8221; use_icon=&#8221;on&#8221; font_icon=&#8221;%%238%%&#8221; icon_color=&#8221;#E09900&#8243; icon_placement=&#8221;left&#8221; use_icon_font_size=&#8221;on&#8221; icon_font_size=&#8221;16px&#8221; _builder_version=&#8221;3.19.13&#8243; header_font=&#8221;Roboto Condensed|||on|||||&#8221;]<\/p>\n<p>info@wavecom.hu<\/p>\n<p>[\/et_pb_blurb][\/et_pb_column][\/et_pb_row][\/et_pb_section]<\/p>\n","protected":false},"excerpt":{"rendered":"<p>[et_pb_section fb_built=&#8221;1&#8243; _builder_version=&#8221;3.22.3&#8243; custom_padding=&#8221;0|0px|54px|0px|false|false&#8221;][et_pb_row _builder_version=&#8221;3.25&#8243; custom_margin=&#8221;||&#8221; custom_padding=&#8221;2px||0|0|false|false&#8221;][et_pb_column type=&#8221;4_4&#8243; _builder_version=&#8221;3.25&#8243; custom_padding=&#8221;|||&#8221; custom_padding__hover=&#8221;|||&#8221;][et_pb_image src=&#8221;https:\/\/wifi4eu.wavecom.hu\/wp-content\/uploads\/2019\/05\/header.jpg&#8221; align_tablet=&#8221;center&#8221; align_phone=&#8221;&#8221; align_last_edited=&#8221;on|desktop&#8221; _builder_version=&#8221;3.23&#8243; custom_margin=&#8221;||&#8221;][\/et_pb_image][\/et_pb_column][\/et_pb_row][et_pb_row _builder_version=&#8221;3.25&#8243; custom_padding=&#8221;27px|0px|0|0px|false|false&#8221;][et_pb_column type=&#8221;4_4&#8243; _builder_version=&#8221;3.25&#8243; custom_padding=&#8221;|||&#8221; custom_padding__hover=&#8221;|||&#8221;][et_pb_toggle title=&#8221;Mi ez val\u00f3j\u00e1ban?&#8221; open_toggle_text_color=&#8221;#FFFFFF&#8221; open_toggle_background_color=&#8221;#ff9933&#8243; closed_toggle_text_color=&#8221;#FFFFFF&#8221; closed_toggle_background_color=&#8221;#ff9933&#8243; icon_color=&#8221;#000000&#8243; _builder_version=&#8221;3.23.3&#8243; title_text_color=&#8221;#000000&#8243; title_level=&#8221;h2&#8243; title_font=&#8221;Roboto Condensed|||on|||||&#8221; title_text_align=&#8221;center&#8221; title_font_size=&#8221;40px&#8221; body_font=&#8221;||||||||&#8221; body_text_color=&#8221;#FFFFFF&#8221; body_font_size=&#8221;15px&#8221; text_orientation=&#8221;left&#8221; title_font_size_tablet=&#8221;&#8221; title_font_size_phone=&#8221;18px&#8221; title_font_size_last_edited=&#8221;on|phone&#8221; border_width_all=&#8221;0px&#8221;] A kezdem\u00e9nyez\u00e9s c\u00e9lja, hogy az Eur\u00f3pai Uni\u00f3 min\u00e9l t\u00f6bb [&hellip;]<\/p>\n","protected":false},"author":1,"featured_media":0,"parent":0,"menu_order":0,"comment_status":"closed","ping_status":"closed","template":"","meta":{"_et_pb_use_builder":"on","_et_pb_old_content":"","_et_gb_content_width":""},"_links":{"self":[{"href":"https:\/\/wifi4eu.wavecom.hu\/index.php?rest_route=\/wp\/v2\/pages\/10"}],"collection":[{"href":"https:\/\/wifi4eu.wavecom.hu\/index.php?rest_route=\/wp\/v2\/pages"}],"about":[{"href":"https:\/\/wifi4eu.wavecom.hu\/index.php?rest_route=\/wp\/v2\/types\/page"}],"author":[{"embeddable":true,"href":"https:\/\/wifi4eu.wavecom.hu\/index.php?rest_route=\/wp\/v2\/users\/1"}],"replies":[{"embeddable":true,"href":"https:\/\/wifi4eu.wavecom.hu\/index.php?rest_route=%2Fwp%2Fv2%2Fcomments&post=10"}],"version-history":[{"count":67,"href":"https:\/\/wifi4eu.wavecom.hu\/index.php?rest_route=\/wp\/v2\/pages\/10\/revisions"}],"predecessor-version":[{"id":229,"href":"https:\/\/wifi4eu.wavecom.hu\/index.php?rest_route=\/wp\/v2\/pages\/10\/revisions\/229"}],"wp:attachment":[{"href":"https:\/\/wifi4eu.wavecom.hu\/index.php?rest_route=%2Fwp%2Fv2%2Fmedia&parent=10"}],"curies":[{"name":"wp","href":"https:\/\/api.w.org\/{rel}","templated":true}]}}